{"id":19,"date":"2022-11-29T13:31:08","date_gmt":"2022-11-29T13:31:08","guid":{"rendered":"https:\/\/rottzik.de\/?page_id=19"},"modified":"2025-12-30T20:56:42","modified_gmt":"2025-12-30T20:56:42","slug":"rumkommen","status":"publish","type":"page","link":"https:\/\/rottzik.de\/index.php\/rumkommen\/","title":{"rendered":"rumkommen"},"content":{"rendered":"\n<p class=\"has-ibm-plex-mono-font-family\">wer zur hoelle ist rottzik<\/p>\n\n\n\n<div class=\"wp-block-media-text alignwide is-stacked-on-mobile\"><figure class=\"wp-block-media-text__media\"><img loading=\"lazy\" decoding=\"async\" width=\"1024\" height=\"1024\" src=\"https:\/\/rottzik.de\/wp-content\/uploads\/2022\/11\/Rottzik_2022-1024x1024.jpeg\" alt=\"\" class=\"wp-image-76 size-full\" srcset=\"https:\/\/rottzik.de\/wp-content\/uploads\/2022\/11\/Rottzik_2022-1024x1024.jpeg 1024w, https:\/\/rottzik.de\/wp-content\/uploads\/2022\/11\/Rottzik_2022-300x300.jpeg 300w, https:\/\/rottzik.de\/wp-content\/uploads\/2022\/11\/Rottzik_2022-150x150.jpeg 150w, https:\/\/rottzik.de\/wp-content\/uploads\/2022\/11\/Rottzik_2022-768x768.jpeg 768w, https:\/\/rottzik.de\/wp-content\/uploads\/2022\/11\/Rottzik_2022.jpeg 1080w\" sizes=\"(max-width: 1024px) 100vw, 1024px\" \/><\/figure><div class=\"wp-block-media-text__content\">\n<p class=\"has-text-align-center has-ibm-plex-mono-font-family\">kuenstlerinnenduo<\/p>\n\n\n\n<p class=\"has-text-align-center has-ibm-plex-mono-font-family\">poppig, politisch, kritisch<\/p>\n\n\n\n<p class=\"has-text-align-center has-ibm-plex-mono-font-family\">das sind wir, rottzik!<\/p>\n\n\n\n<p class=\"has-text-align-center has-ibm-plex-mono-font-family\">(Rottzik: Ein Haiku.)<\/p>\n<\/div><\/div>\n\n\n\n<div class=\"wp-block-columns is-layout-flex wp-container-core-columns-is-layout-1 wp-block-columns-is-layout-flex\">\n<div class=\"wp-block-column is-layout-flow wp-block-column-is-layout-flow\" style=\"flex-basis:25%\"><\/div>\n\n\n\n<div class=\"wp-block-column is-layout-flow wp-block-column-is-layout-flow\" style=\"flex-basis:50%\">\n<p class=\"has-ibm-plex-mono-font-family\">gefunden haben wir uns 2021 im atelier <a rel=\"noreferrer noopener\" href=\"https:\/\/kunstundtonic.de\/\" target=\"_blank\">https:\/\/kunstundtonic.de\/<\/a> schwestern fuers leben<\/p>\n<\/div>\n\n\n\n<div class=\"wp-block-column is-layout-flow wp-block-column-is-layout-flow\" style=\"flex-basis:25%\"><\/div>\n<\/div>\n\n\n\n<div style=\"height:66px\" aria-hidden=\"true\" class=\"wp-block-spacer\"><\/div>\n\n\n\n<p><strong>kommt noch<\/strong><\/p>\n\n\n\n<div class=\"wp-block-columns is-layout-flex wp-container-core-columns-is-layout-2 wp-block-columns-is-layout-flex\">\n<div class=\"wp-block-column is-layout-flow wp-block-column-is-layout-flow\">\n<p>Juni 2026<\/p>\n<\/div>\n\n\n\n<div class=\"wp-block-column is-layout-flow wp-block-column-is-layout-flow\">\n<p>Einzelausstellung im Bauwagen der Demokratie, D\u00fcsseldorf<\/p>\n<\/div>\n<\/div>\n\n\n\n<div style=\"height:29px\" aria-hidden=\"true\" class=\"wp-block-spacer\"><\/div>\n\n\n\n<p><strong>schon gemacht<\/strong><\/p>\n\n\n\n<div class=\"wp-block-columns is-layout-flex wp-container-core-columns-is-layout-3 wp-block-columns-is-layout-flex\">\n<div class=\"wp-block-column is-layout-flow wp-block-column-is-layout-flow\">\n<p>November 2025 &#8211; Februar 2026<\/p>\n<\/div>\n\n\n\n<div class=\"wp-block-column is-layout-flow wp-block-column-is-layout-flow\">\n<p>&#8220;Positionen 2025&#8221;<br>Gruppenausstellung im Bauwagen der Demokratie, D\u00fcsseldorf<\/p>\n<\/div>\n<\/div>\n\n\n\n<div class=\"wp-block-columns is-layout-flex wp-container-core-columns-is-layout-4 wp-block-columns-is-layout-flex\">\n<div class=\"wp-block-column is-layout-flow wp-block-column-is-layout-flow\">\n<p>September 2025<\/p>\n<\/div>\n\n\n\n<div class=\"wp-block-column is-layout-flow wp-block-column-is-layout-flow\">\n<p>Gruppenausstellung im Rahmen der Kunstpunkte im <a href=\"https:\/\/kunstundtonic.de\/\" data-type=\"URL\" data-id=\"https:\/\/kunstundtonic.de\/\" target=\"_blank\" rel=\"noreferrer noopener\">Atelier kunst+tonic<\/a> (Brunnenstrasse 35, D\u00fcsseldorf)<\/p>\n<\/div>\n<\/div>\n\n\n\n<div class=\"wp-block-columns is-layout-flex wp-container-core-columns-is-layout-5 wp-block-columns-is-layout-flex\">\n<div class=\"wp-block-column is-layout-flow wp-block-column-is-layout-flow\">\n<p>Juni 2025<\/p>\n<\/div>\n\n\n\n<div class=\"wp-block-column is-layout-flow wp-block-column-is-layout-flow\">\n<p>&#8220;Wir werden 5!&#8221;<br>Jubil\u00e4umsausstellung vom <a href=\"https:\/\/kunstundtonic.de\/\" data-type=\"URL\" data-id=\"https:\/\/kunstundtonic.de\/\" target=\"_blank\" rel=\"noreferrer noopener\">Atelier kunst+tonic<\/a>, Graf 39, D\u00fcsseldorf<\/p>\n<\/div>\n<\/div>\n\n\n\n<div class=\"wp-block-columns is-layout-flex wp-container-core-columns-is-layout-6 wp-block-columns-is-layout-flex\">\n<div class=\"wp-block-column is-layout-flow wp-block-column-is-layout-flow\">\n<p>April 2025<\/p>\n<\/div>\n\n\n\n<div class=\"wp-block-column is-layout-flow wp-block-column-is-layout-flow\">\n<p>Gruppenausstellung im Rahmen der Nacht der Museen im <a href=\"https:\/\/kunstundtonic.de\/\" data-type=\"URL\" data-id=\"https:\/\/kunstundtonic.de\/\" target=\"_blank\" rel=\"noreferrer noopener\">Atelier kunst+tonic<\/a> (Brunnenstrasse 35, D\u00fcsseldorf)<\/p>\n<\/div>\n<\/div>\n\n\n\n<div class=\"wp-block-columns is-layout-flex wp-container-core-columns-is-layout-7 wp-block-columns-is-layout-flex\">\n<div class=\"wp-block-column is-layout-flow wp-block-column-is-layout-flow\">\n<p>April 2025<\/p>\n<\/div>\n\n\n\n<div class=\"wp-block-column is-layout-flow wp-block-column-is-layout-flow\">\n<p>&#8220;Stimmen der Rebellion&#8221;<br>Gruppenausstellung, Kult41, Bonn<\/p>\n<\/div>\n<\/div>\n\n\n\n<div class=\"wp-block-columns is-layout-flex wp-container-core-columns-is-layout-8 wp-block-columns-is-layout-flex\">\n<div class=\"wp-block-column is-layout-flow wp-block-column-is-layout-flow\">\n<p>August 2024<\/p>\n<\/div>\n\n\n\n<div class=\"wp-block-column is-layout-flow wp-block-column-is-layout-flow\">\n<p>Gruppenausstellung im Rahmen der Kunstpunkte im <a href=\"https:\/\/kunstundtonic.de\/\" data-type=\"URL\" data-id=\"https:\/\/kunstundtonic.de\/\" target=\"_blank\" rel=\"noreferrer noopener\">Atelier kunst+tonic<\/a> (Brunnenstrasse 35, D\u00fcsseldorf)<\/p>\n<\/div>\n<\/div>\n\n\n\n<div class=\"wp-block-columns is-layout-flex wp-container-core-columns-is-layout-9 wp-block-columns-is-layout-flex\">\n<div class=\"wp-block-column is-layout-flow wp-block-column-is-layout-flow\">\n<p>April 2024<\/p>\n<\/div>\n\n\n\n<div class=\"wp-block-column is-layout-flow wp-block-column-is-layout-flow\">\n<p>&#8220;T\u00fcr Auf! 2024&#8221;<br>Eingeladene Gastk\u00fcnstlerinnen auf dem Halfmannshof, Gelsenkirchen<\/p>\n<\/div>\n<\/div>\n\n\n\n<div class=\"wp-block-columns is-layout-flex wp-container-core-columns-is-layout-10 wp-block-columns-is-layout-flex\">\n<div class=\"wp-block-column is-layout-flow wp-block-column-is-layout-flow\">\n<p>April 2024<\/p>\n<\/div>\n\n\n\n<div class=\"wp-block-column is-layout-flow wp-block-column-is-layout-flow\">\n<p>Gruppenausstellung im Rahmen der Nacht der Museen im <a href=\"https:\/\/kunstundtonic.de\/\" data-type=\"URL\" data-id=\"https:\/\/kunstundtonic.de\/\" target=\"_blank\" rel=\"noreferrer noopener\">Atelier kunst+tonic<\/a> (Brunnenstrasse 35, D\u00fcsseldorf)<\/p>\n<\/div>\n<\/div>\n\n\n\n<div class=\"wp-block-columns is-layout-flex wp-container-core-columns-is-layout-11 wp-block-columns-is-layout-flex\">\n<div class=\"wp-block-column is-layout-flow wp-block-column-is-layout-flow\">\n<p>April 2024<\/p>\n<\/div>\n\n\n\n<div class=\"wp-block-column is-layout-flow wp-block-column-is-layout-flow\">\n<p>Gruppenausstellung \u201ebewegt\u201c, ArtArtist, Hansaallee 190, D\u00fcsseldorf<\/p>\n<\/div>\n<\/div>\n\n\n\n<div class=\"wp-block-columns is-layout-flex wp-container-core-columns-is-layout-12 wp-block-columns-is-layout-flex\">\n<div class=\"wp-block-column is-layout-flow wp-block-column-is-layout-flow\">\n<p>November 2023 &#8211; Februar 2024<\/p>\n<\/div>\n\n\n\n<div class=\"wp-block-column is-layout-flow wp-block-column-is-layout-flow\">\n<p>&#8220;Positionen 2023&#8221;<br>Gruppenausstellung im Bauwagen der Demokratie, D\u00fcsseldorf<\/p>\n<\/div>\n<\/div>\n\n\n\n<div class=\"wp-block-columns is-layout-flex wp-container-core-columns-is-layout-13 wp-block-columns-is-layout-flex\">\n<div class=\"wp-block-column is-layout-flow wp-block-column-is-layout-flow\">\n<p>August 2023<\/p>\n<\/div>\n\n\n\n<div class=\"wp-block-column is-layout-flow wp-block-column-is-layout-flow\">\n<p>Gruppenausstellung im Rahmen der Kunstpunkte im <a href=\"https:\/\/kunstundtonic.de\/\" data-type=\"URL\" data-id=\"https:\/\/kunstundtonic.de\/\" target=\"_blank\" rel=\"noreferrer noopener\">Atelier kunst+tonic<\/a> (Brunnenstrasse 35, D\u00fcsseldorf)<\/p>\n<\/div>\n<\/div>\n\n\n\n<div class=\"wp-block-columns is-layout-flex wp-container-core-columns-is-layout-14 wp-block-columns-is-layout-flex\">\n<div class=\"wp-block-column is-layout-flow wp-block-column-is-layout-flow\">\n<p>22. April 2023<\/p>\n<\/div>\n\n\n\n<div class=\"wp-block-column is-layout-flow wp-block-column-is-layout-flow\">\n<p>Gruppenausstellung im Rahmen der Nacht der Museen im <a href=\"https:\/\/kunstundtonic.de\/\" data-type=\"URL\" data-id=\"https:\/\/kunstundtonic.de\/\" target=\"_blank\" rel=\"noreferrer noopener\">Atelier kunst+tonic<\/a> (Brunnenstrasse 35, D\u00fcsseldorf)<\/p>\n<\/div>\n<\/div>\n\n\n\n<div class=\"wp-block-columns is-layout-flex wp-container-core-columns-is-layout-15 wp-block-columns-is-layout-flex\">\n<div class=\"wp-block-column is-layout-flow wp-block-column-is-layout-flow\">\n<p>28. Januar &#8211; 28. Februar 2023<\/p>\n<\/div>\n\n\n\n<div class=\"wp-block-column is-layout-flow wp-block-column-is-layout-flow\">\n<p>&#8220;Hallodri VS Tunichtgut&#8221;, Gruppenausstellung im Kunstraum K\u00f6 106 (K\u00f6nigsallee 106, D\u00fcsseldorf)<\/p>\n<\/div>\n<\/div>\n\n\n\n<div class=\"wp-block-columns is-layout-flex wp-container-core-columns-is-layout-16 wp-block-columns-is-layout-flex\">\n<div class=\"wp-block-column is-layout-flow wp-block-column-is-layout-flow\"><\/div>\n<\/div>\n\n\n\n<div class=\"wp-block-columns is-layout-flex wp-container-core-columns-is-layout-17 wp-block-columns-is-layout-flex\">\n<div class=\"wp-block-column is-layout-flow wp-block-column-is-layout-flow\">\n<p>05. Februar 2023 14 Uhr<\/p>\n<\/div>\n\n\n\n<div class=\"wp-block-column is-layout-flow wp-block-column-is-layout-flow\">\n<p>Performance &#8220;rottzik schmiert rum&#8221;, Kunstraum K\u00f6 106 (K\u00f6nigsallee 106, D\u00fcsseldorf)<\/p>\n<\/div>\n<\/div>\n\n\n\n<div class=\"wp-block-columns is-layout-flex wp-container-core-columns-is-layout-18 wp-block-columns-is-layout-flex\">\n<div class=\"wp-block-column is-layout-flow wp-block-column-is-layout-flow\">\n<p>10. Februar 2023 20 Uhr<\/p>\n<\/div>\n\n\n\n<div class=\"wp-block-column is-layout-flow wp-block-column-is-layout-flow\">\n<p>Performance &#8220;rottzik schmiert rum&#8221;, Kunstraum K\u00f6 106 (K\u00f6nigsallee 106, D\u00fcsseldorf)<\/p>\n<\/div>\n<\/div>\n\n\n\n<div class=\"wp-block-columns is-layout-flex wp-container-core-columns-is-layout-19 wp-block-columns-is-layout-flex\">\n<div class=\"wp-block-column is-layout-flow wp-block-column-is-layout-flow\">\n<p>16. &#8211; 18. Dezember 2022<\/p>\n<\/div>\n\n\n\n<div class=\"wp-block-column is-layout-flow wp-block-column-is-layout-flow\">\n<p>&#8220;<a href=\"https:\/\/www.instagram.com\/kunst_er.zaehlt\/\">kunst.(er)z\u00e4hlt<\/a>&#8220;, Gruppenausstellung im Kunstraum K\u00f6 106 (K\u00f6nigsallee 106, D\u00fcsseldorf)<\/p>\n<\/div>\n<\/div>\n\n\n\n<div class=\"wp-block-columns is-layout-flex wp-container-core-columns-is-layout-20 wp-block-columns-is-layout-flex\">\n<div class=\"wp-block-column is-layout-flow wp-block-column-is-layout-flow\">\n<p>17. Dezember 2022, 15 &#8211; 16 Uhr<\/p>\n<\/div>\n\n\n\n<div class=\"wp-block-column is-layout-flow wp-block-column-is-layout-flow\">\n<p>Performance &#8220;rottzik schmiert rum&#8221;, &#8220;<a href=\"https:\/\/www.instagram.com\/kunst_er.zaehlt\/\">kunst.(er)z\u00e4hlt<\/a>&#8221; im Kunstraum K\u00f6 106 (K\u00f6nigsallee 106, D\u00fcsseldorf)<\/p>\n<\/div>\n<\/div>\n\n\n\n<figure class=\"wp-block-image aligncenter size-large is-resized\"><img loading=\"lazy\" decoding=\"async\" width=\"724\" height=\"1024\" src=\"https:\/\/rottzik.de\/wp-content\/uploads\/2022\/12\/2022_Plakat_kunst_erzahlt-724x1024.jpeg\" alt=\"\" class=\"wp-image-190\" style=\"width:362px;height:512px\" srcset=\"https:\/\/rottzik.de\/wp-content\/uploads\/2022\/12\/2022_Plakat_kunst_erzahlt-724x1024.jpeg 724w, https:\/\/rottzik.de\/wp-content\/uploads\/2022\/12\/2022_Plakat_kunst_erzahlt-212x300.jpeg 212w, https:\/\/rottzik.de\/wp-content\/uploads\/2022\/12\/2022_Plakat_kunst_erzahlt-768x1086.jpeg 768w, https:\/\/rottzik.de\/wp-content\/uploads\/2022\/12\/2022_Plakat_kunst_erzahlt-1086x1536.jpeg 1086w, https:\/\/rottzik.de\/wp-content\/uploads\/2022\/12\/2022_Plakat_kunst_erzahlt.jpeg 1414w\" sizes=\"(max-width: 724px) 100vw, 724px\" \/><\/figure>\n\n\n\n<div class=\"wp-block-columns is-layout-flex wp-container-core-columns-is-layout-21 wp-block-columns-is-layout-flex\">\n<div class=\"wp-block-column is-layout-flow wp-block-column-is-layout-flow\">\n<p>11. Juni 2022<\/p>\n<\/div>\n\n\n\n<div class=\"wp-block-column is-layout-flow wp-block-column-is-layout-flow\">\n<p>Gruppenausstellung im Rahmen der <a href=\"http:\/\/www.nacht-der-museen.de\" data-type=\"URL\" data-id=\"www.nacht-der-museen.de\">Nacht der Museen<\/a> im <a href=\"http:\/\/www.kunstundtonic.de\">Atelier kunst+tonic<\/a> (Brunnenstr. 35, D\u00fcsseldorf)<\/p>\n<\/div>\n<\/div>\n","protected":false},"excerpt":{"rendered":"<p>wer zur hoelle ist rottzik kuenstlerinnenduo poppig, politisch, kritisch das sind wir, rottzik! (Rottzik: Ein Haiku.) gefunden haben wir uns 2021 im atelier https:\/\/kunstundtonic.de\/ schwestern fuers leben kommt noch Juni 2026 Einzelausstellung im Bauwagen der Demokratie, D\u00fcsseldorf schon gemacht November 2025 &#8211; Februar 2026 &#8220;Positionen 2025&#8221;Gruppenausstellung im Bauwagen der Demokratie, D\u00fcsseldorf September 2025 Gruppenausstellung im [&hellip;]<\/p>\n","protected":false},"author":1,"featured_media":0,"parent":0,"menu_order":0,"comment_status":"closed","ping_status":"closed","template":"blog-alternative","meta":{"footnotes":""},"class_list":["post-19","page","type-page","status-publish","hentry"],"_links":{"self":[{"href":"https:\/\/rottzik.de\/index.php\/wp-json\/wp\/v2\/pages\/19"}],"collection":[{"href":"https:\/\/rottzik.de\/index.php\/wp-json\/wp\/v2\/pages"}],"about":[{"href":"https:\/\/rottzik.de\/index.php\/wp-json\/wp\/v2\/types\/page"}],"author":[{"embeddable":true,"href":"https:\/\/rottzik.de\/index.php\/wp-json\/wp\/v2\/users\/1"}],"replies":[{"embeddable":true,"href":"https:\/\/rottzik.de\/index.php\/wp-json\/wp\/v2\/comments?post=19"}],"version-history":[{"count":14,"href":"https:\/\/rottzik.de\/index.php\/wp-json\/wp\/v2\/pages\/19\/revisions"}],"predecessor-version":[{"id":277,"href":"https:\/\/rottzik.de\/index.php\/wp-json\/wp\/v2\/pages\/19\/revisions\/277"}],"wp:attachment":[{"href":"https:\/\/rottzik.de\/index.php\/wp-json\/wp\/v2\/media?parent=19"}],"curies":[{"name":"wp","href":"https:\/\/api.w.org\/{rel}","templated":true}]}}